{"id":106506,"date":"2021-12-20T18:22:06","date_gmt":"2021-12-20T17:22:06","guid":{"rendered":"https:\/\/undsgn.com\/uncode\/?page_id=106506"},"modified":"2024-06-12T21:09:44","modified_gmt":"2024-06-12T21:09:44","slug":"portfolio-pattern","status":"publish","type":"page","link":"https:\/\/triste.bar\/","title":{"rendered":"Portfolio Pattern"},"content":{"rendered":"<div class=\"wpb-content-wrapper\"><p>[vc_row unlock_row_content=&#8221;yes&#8221; row_height_percent=&#8221;0&#8243; override_padding=&#8221;yes&#8221; h_padding=&#8221;0&#8243; top_padding=&#8221;0&#8243; bottom_padding=&#8221;0&#8243; back_color=&#8221;color-jevc&#8221; overlay_alpha=&#8221;50&#8243; gutter_size=&#8221;3&#8243; column_width_percent=&#8221;100&#8243; border_style=&#8221;solid&#8221; shift_y=&#8221;0&#8243; z_index=&#8221;0&#8243; uncode_shortcode_id=&#8221;139235&#8243; back_color_type=&#8221;uncode-palette&#8221; border_color_type=&#8221;uncode-solid&#8221; border_color_solid=&#8221;#ff0000&#8243;][vc_column column_width_percent=&#8221;100&#8243; align_horizontal=&#8221;align_center&#8221; gutter_size=&#8221;2&#8243; overlay_alpha=&#8221;50&#8243; shift_x=&#8221;0&#8243; shift_y=&#8221;-2&#8243; shift_y_down=&#8221;0&#8243; z_index=&#8221;0&#8243; medium_width=&#8221;0&#8243; mobile_width=&#8221;0&#8243; css_animation=&#8221;alpha-anim&#8221; animation_speed=&#8221;800&#8243; animation_delay=&#8221;200&#8243; width=&#8221;1\/1&#8243; uncode_shortcode_id=&#8221;165499&#8243;][vc_custom_heading text_color=&#8221;color-xsdn&#8221; text_size=&#8221;custom&#8221; css_animation=&#8221;marquee-scroll&#8221; marquee_clone=&#8221;yes&#8221; marquee_speed=&#8221;0&#8243; sticky_trigger=&#8221;yes&#8221; sticky_trigger_option=&#8221;no-height&#8221; uncode_shortcode_id=&#8221;493986&#8243; heading_custom_size=&#8221;clamp(100px,12vw,300px)&#8221; text_color_type=&#8221;uncode-palette&#8221;]Club Antisocial Tr;ste Bar Punto de Reuni\u00f3n para Melanc\u00f3licos An\u00f3nimos S.A de C.V.[\/vc_custom_heading][vc_gallery el_id=&#8221;gallery-1065902&#8243; type=&#8221;custom_grid&#8221; custom_grid_content_block_id=&#8221;106497&#8243; random=&#8221;yes&#8221; medias=&#8221;141762,141763,141764,141765,141766,141767,141768,141769,141770,141771,141772,141773,141774,141775,141776,141777,141778,141779,141780,141781,141782,141783,141784,141785,141786,141787,141788,141789,141790,141791,141792,141793,141794,141795,141796,141797,141798,141799,141800,141801,141802,141803,141804,141805,141806,141807,141808,141809,141810,141811,141812,141813,141814,141815,141816,141817,141818,141742,141822,141823,141824,141825,141826,141827,141828,141829,141830,141831,141832,141833,141834,141835,141836,141837,141838,141839,141840,141841,141842,141843,141844,141845,141846,141847,141851,141852,141853&#8243; explode_albums=&#8221;yes&#8221; media_items=&#8221;media|lightbox|original&#8221; single_overlay_opacity=&#8221;50&#8243; single_overlay_anim=&#8221;no&#8221; single_text_anim=&#8221;no&#8221; single_image_magnetic=&#8221;yes&#8221; single_padding=&#8221;2&#8243; single_shadow=&#8221;yes&#8221; single_border=&#8221;yes&#8221; post_matrix=&#8221;matrix&#8221; matrix_amount=&#8221;3&#8243; lbox_gallery_arrows_bg=&#8221;semi-transparent&#8221; lbox_title=&#8221;yes&#8221; lbox_social=&#8221;yes&#8221; lbox_deep=&#8221;yes&#8221; lbox_actual_size=&#8221;yes&#8221; lbox_full=&#8221;yes&#8221; lbox_download=&#8221;yes&#8221; lbox_counter=&#8221;yes&#8221; lbox_no_tmb=&#8221;yes&#8221; lbox_transition=&#8221;lg-zoom-out&#8221; custom_cursor=&#8221;diff&#8221; uncode_shortcode_id=&#8221;154433&#8243; matrix_items=&#8221;e30=&#8221;][vc_empty_space empty_h=&#8221;3&#8243;][vc_custom_heading uncode_shortcode_id=&#8221;106707&#8243;]No. 507 Jos\u00e9 Vasconcelos | 66220 San Pedro Garza Garc\u00eda, N.L. Estados Unidos Mexicanos[\/vc_custom_heading][vc_empty_space empty_h=&#8221;3&#8243;][\/vc_column][\/vc_row]<\/p>\n<\/div>","protected":false},"excerpt":{"rendered":"<p>[vc_row unlock_row_content=&#8221;yes&#8221; row_height_percent=&#8221;0&#8243; override_padding=&#8221;yes&#8221; h_padding=&#8221;0&#8243; top_padding=&#8221;0&#8243; bottom_padding=&#8221;0&#8243; back_color=&#8221;color-jevc&#8221; overlay_alpha=&#8221;50&#8243; gutter_size=&#8221;3&#8243; column_width_percent=&#8221;100&#8243; border_style=&#8221;solid&#8221; shift_y=&#8221;0&#8243; z_index=&#8221;0&#8243; uncode_shortcode_id=&#8221;139235&#8243; back_color_type=&#8221;uncode-palette&#8221; border_color_type=&#8221;uncode-solid&#8221; border_color_solid=&#8221;#ff0000&#8243;][vc_column column_width_percent=&#8221;100&#8243; align_horizontal=&#8221;align_center&#8221; [&hellip;]<\/p>\n","protected":false},"author":1,"featured_media":110528,"parent":0,"menu_order":0,"comment_status":"closed","ping_status":"closed","template":"","meta":{"footnotes":""},"_links":{"self":[{"href":"https:\/\/triste.bar\/index.php?rest_route=\/wp\/v2\/pages\/106506"}],"collection":[{"href":"https:\/\/triste.bar\/index.php?rest_route=\/wp\/v2\/pages"}],"about":[{"href":"https:\/\/triste.bar\/index.php?rest_route=\/wp\/v2\/types\/page"}],"author":[{"embeddable":true,"href":"https:\/\/triste.bar\/index.php?rest_route=\/wp\/v2\/users\/1"}],"replies":[{"embeddable":true,"href":"https:\/\/triste.bar\/index.php?rest_route=%2Fwp%2Fv2%2Fcomments&post=106506"}],"version-history":[{"count":39,"href":"https:\/\/triste.bar\/index.php?rest_route=\/wp\/v2\/pages\/106506\/revisions"}],"predecessor-version":[{"id":141855,"href":"https:\/\/triste.bar\/index.php?rest_route=\/wp\/v2\/pages\/106506\/revisions\/141855"}],"wp:featuredmedia":[{"embeddable":true,"href":"https:\/\/triste.bar\/index.php?rest_route=\/wp\/v2\/media\/110528"}],"wp:attachment":[{"href":"https:\/\/triste.bar\/index.php?rest_route=%2Fwp%2Fv2%2Fmedia&parent=106506"}],"curies":[{"name":"wp","href":"https:\/\/api.w.org\/{rel}","templated":true}]}}